{"id":145,"date":"2017-12-24T20:37:50","date_gmt":"2017-12-24T20:37:50","guid":{"rendered":"https:\/\/fazendapinhal.net.br\/home\/?page_id=145"},"modified":"2021-11-16T19:58:53","modified_gmt":"2021-11-16T19:58:53","slug":"sobrenos","status":"publish","type":"page","link":"https:\/\/fazendapinhal.net.br\/home\/sobrenos\/","title":{"rendered":"Sobre N\u00f3s"},"content":{"rendered":"<p>[vc_row full_width=&#8221;stretch_row&#8221; css=&#8221;.vc_custom_1533128730803{padding-top: 114px !important;padding-bottom: 125px !important;background-image: url(https:\/\/fazendapinhal.net.br\/home\/wp-content\/uploads\/2018\/06\/about_1_bg.jpg?id=2257) !important;}&#8221; el_class=&#8221;ipad-bt-84 two-image-box&#8221;][vc_column el_class=&#8221;ipad-fix&#8221; offset=&#8221;vc_col-lg-5 vc_col-md-6&#8243;]<div class=\"\">\r\n\t<div class=\"rt-image\">\r\n\t\t<div class=\"rtin-back-image\"><img width=\"507\" height=\"535\" src=\"https:\/\/fazendapinhal.net.br\/home\/wp-content\/uploads\/2021\/11\/img_pag_sobre2.jpg\" class=\"attachment-full size-full\" alt=\"\" loading=\"lazy\" srcset=\"https:\/\/fazendapinhal.net.br\/home\/wp-content\/uploads\/2021\/11\/img_pag_sobre2.jpg 507w, https:\/\/fazendapinhal.net.br\/home\/wp-content\/uploads\/2021\/11\/img_pag_sobre2-284x300.jpg 284w\" sizes=\"(max-width: 507px) 100vw, 507px\" \/>\t\t\t<div class=\"rtin-overlay-image\"><img width=\"507\" height=\"535\" src=\"https:\/\/fazendapinhal.net.br\/home\/wp-content\/uploads\/2021\/11\/img_pag_sobre.jpg\" class=\"attachment-full size-full\" alt=\"\" loading=\"lazy\" srcset=\"https:\/\/fazendapinhal.net.br\/home\/wp-content\/uploads\/2021\/11\/img_pag_sobre.jpg 507w, https:\/\/fazendapinhal.net.br\/home\/wp-content\/uploads\/2021\/11\/img_pag_sobre-284x300.jpg 284w\" sizes=\"(max-width: 507px) 100vw, 507px\" \/><\/div>\r\n\t\t<\/div>\r\n\t<\/div>\r\n<\/div>[\/vc_column][vc_column el_class=&#8221;ipad-fix sub-title-no&#8221; offset=&#8221;vc_col-lg-7 vc_col-md-6&#8243;]<div class=\"\">\r\n\t<div class=\"rt-vc-title-1 rtin-section-title-left  rtin-dark\">\r\n\t\t\t\t\t<h2 class=\"rt-section-title-vc title32 mitle28\" style=\"font-size:38px; color:#111111;\">Nossa Hist\u00f3ria<\/h2>\r\n\t\t\t\t\t<p class=\"rt-section-sub-title-vc\" style=\"width:100%;\"><\/p>\n<h3>Um pouco sobre n\u00f3s, nossa trajet\u00f3ria e nosso compromisso com a qualidade.<\/h3>\n<p><\/p>\r\n\t\t\t<\/div>\r\n<\/div><div class=\" common\" style=\"text-align: left;\">\r\n\t<div class=\"rt-text-with-btn\">\r\n\t\t<div class=\"data-area\">\r\n\t\t\t\t\t\t\t<p style=\"color:#444444;\"><span style=\"font-size: medium\">Localizados no munic\u00edpio de Barbacena-MG, em nossa propriedade recebemos, classificamos e embalamos os produtos para que voc\u00ea CONSUMIDOR, tenha um alimento selecionado e de qualidade em sua mesa. <\/span><\/p>\n<p><span style=\"font-size: medium\">No final de 2014 tivemos a oportunidade de conhecer e trabalhar com empresa JFC Natural Salads, fornecendo Tomates Grape. Iniciamos em seguida uma produ\u00e7\u00e3o maior deste produto, para conseguirmos abastecer nosso primeiro cliente. Contudo nossa produ\u00e7\u00e3o n\u00e3o era suficiente, foi quando tivemos a ideia de procurar novos parceiros da regi\u00e3o que nos ajudassem a aumentar a quantidade deste produto e a melhorar o fornecimento do mesmo.<\/span><\/p>\n<p><span style=\"font-size: medium\">Com o passar do tempo crescemos, conseguimos a oferecer oportunidades de trabalho a colaboradores da nossa regi\u00e3o e conseguimos em 2019 fundar a empresa Fazenda Pinhal Eireli.<\/span><\/p>\n<p><span style=\"font-size: medium\">Hoje a temos um mix de produtos diversificados e mais alguns clientes. Conseguimos junto com esse crescimento a certifica\u00e7\u00e3o da <\/span><span style=\"font-size: medium\"><b>GlobalG.A.P<\/b><\/span><span style=\"font-size: medium\"> da nossa produ\u00e7\u00e3o de tomates e do <\/span><span style=\"font-size: medium\"><b>GRASP<\/b><\/span><span style=\"font-size: medium\"> que regulamenta os direitos e deveres de nossos colaboradores.<\/span><\/p>\n<p><span style=\"font-size: medium\">Temos como compromisso; fornecer aos nossos clientes e consumidores produtos selecionados e de qualidade, preservando sua origem natural e mantendo o sabor. Nossa miss\u00e3o; disponibilizar produtos de alta qualidade, selecionados rigorosamente e mantendo o seu sabor natural.<\/span><\/p>\r\n\t\t\t\t\t\t<\/div>\r\n\t<\/div>\r\n<\/div>[\/vc_column][\/vc_row][vc_row][vc_column][vc_column_text][\/vc_column_text][\/vc_column][\/vc_row]<\/p>\n","protected":false},"excerpt":{"rendered":"<p>[vc_row full_width=&#8221;stretch_row&#8221; css=&#8221;.vc_custom_1533128730803{padding-top: 114px !important;padding-bottom: 125px !important;background-image: url(https:\/\/fazendapinhal.net.br\/home\/wp-content\/uploads\/2018\/06\/about_1_bg.jpg?id=2257) !important;}&#8221; el_class=&#8221;ipad-bt-84 two-image-box&#8221;][vc_column el_class=&#8221;ipad-fix&#8221; offset=&#8221;vc_col-lg-5 vc_col-md-6&#8243;][\/vc_column][vc_column el_class=&#8221;ipad-fix sub-title-no&#8221; offset=&#8221;vc_col-lg-7 vc_col-md-6&#8243;][\/vc_column][\/vc_row][vc_row][vc_column][vc_column_text][\/vc_column_text][\/vc_column][\/vc_row]<\/p>\n","protected":false},"author":1,"featured_media":0,"parent":0,"menu_order":0,"comment_status":"closed","ping_status":"closed","template":"","meta":[],"_links":{"self":[{"href":"https:\/\/fazendapinhal.net.br\/home\/wp-json\/wp\/v2\/pages\/145"}],"collection":[{"href":"https:\/\/fazendapinhal.net.br\/home\/wp-json\/wp\/v2\/pages"}],"about":[{"href":"https:\/\/fazendapinhal.net.br\/home\/wp-json\/wp\/v2\/types\/page"}],"author":[{"embeddable":true,"href":"https:\/\/fazendapinhal.net.br\/home\/wp-json\/wp\/v2\/users\/1"}],"replies":[{"embeddable":true,"href":"https:\/\/fazendapinhal.net.br\/home\/wp-json\/wp\/v2\/comments?post=145"}],"version-history":[{"count":11,"href":"https:\/\/fazendapinhal.net.br\/home\/wp-json\/wp\/v2\/pages\/145\/revisions"}],"predecessor-version":[{"id":4483,"href":"https:\/\/fazendapinhal.net.br\/home\/wp-json\/wp\/v2\/pages\/145\/revisions\/4483"}],"wp:attachment":[{"href":"https:\/\/fazendapinhal.net.br\/home\/wp-json\/wp\/v2\/media?parent=145"}],"curies":[{"name":"wp","href":"https:\/\/api.w.org\/{rel}","templated":true}]}}