{"id":3815,"date":"2018-10-12T05:48:22","date_gmt":"2018-10-12T05:48:22","guid":{"rendered":"https:\/\/fazendapinhal.net.br\/home\/?page_id=3815"},"modified":"2021-11-16T19:59:43","modified_gmt":"2021-11-16T19:59:43","slug":"home-6","status":"publish","type":"page","link":"https:\/\/fazendapinhal.net.br\/home\/","title":{"rendered":"Home 6"},"content":{"rendered":"<p>[vc_row][vc_column][layerslider_vc id=&#8221;9&#8243;][\/vc_column][\/vc_row][vc_row full_width=&#8221;stretch_row&#8221; css=&#8221;.vc_custom_1539324817933{padding-top: 115px !important;padding-bottom: 115px !important;background: #f2f2f2 url(https:\/\/fazendapinhal.net.br\/home\/wp-content\/uploads\/2018\/06\/about_1_bg.jpg?id=2257) !important;}&#8221;][vc_column offset=&#8221;vc_col-lg-6 vc_col-md-6&#8243;]<div class=\"\">\r\n\t<div class=\"rt-vc-title-1 rtin-section-title-left  rtin-dark\">\r\n\t\t\t\t\t<h2 class=\"rt-section-title-vc title32 mitle28\" style=\"font-size:36px; color:#222222;\">Seja bem vindo(a) a Fazenda Pinhal<\/h2>\r\n\t\t\t<\/div>\r\n<\/div><div class=\" common\" style=\"text-align: left;\">\r\n\t<div class=\"rt-text-with-btn\">\r\n\t\t<div class=\"data-area\">\r\n\t\t\t\t\t<h3 style=\"color: #222222; font-size: 24px; font-weight:500\">Produtos de alta qualidade, selecionados rigorosamente e mantendo o seu sabor natural.<\/h3>\r\n\t\t\t\t\t\t\t<p style=\"color:#444444;\"><span style=\"font-size: medium\">Localizados no munic\u00edpio de Barbacena-MG, em nossa propriedade recebemos, classificamos e embalamos os produtos para que voc\u00ea CONSUMIDOR, tenha um alimento selecionado e de qualidade em sua mesa. <\/span><\/p>\n<p><span style=\"font-size: medium\">No final de 2014 tivemos a oportunidade de conhecer e trabalhar com empresa JFC Natural Salads, fornecendo Tomates Grape. Iniciamos em seguida uma produ\u00e7\u00e3o maior deste produto, para conseguirmos abastecer nosso primeiro cliente. Contudo nossa produ\u00e7\u00e3o n\u00e3o era suficiente, foi quando tivemos a ideia de procurar novos parceiros da regi\u00e3o que nos ajudassem a aumentar a quantidade deste produto e a melhorar o fornecimento do mesmo.<\/span><\/p>\r\n\t\t\t\t\t\t<\/div>\r\n\t<\/div>\r\n<\/div>[\/vc_column][vc_column offset=&#8221;vc_col-lg-6 vc_col-md-6&#8243;]<div class=\"rt-vc-video rt-light vc_custom_1637004992646\">\n\t<div class=\"rtin-item\">\n\t\t\t\t<p class=\"rtin-content\"><\/p>\n\t\t<a class=\"rtin-btn rt-video-popup\" href=\"\"><i class=\"fa fa-play-circle-o\" aria-hidden=\"true\"><\/i><\/a>\n\t<\/div>\n<\/div>[\/vc_column][\/vc_row]<\/p>\n","protected":false},"excerpt":{"rendered":"<p>[vc_row][vc_column][layerslider_vc id=&#8221;9&#8243;][\/vc_column][\/vc_row][vc_row full_width=&#8221;stretch_row&#8221; css=&#8221;.vc_custom_1539324817933{padding-top: 115px !important;padding-bottom: 115px !important;background: #f2f2f2 url(https:\/\/fazendapinhal.net.br\/home\/wp-content\/uploads\/2018\/06\/about_1_bg.jpg?id=2257) !important;}&#8221;][vc_column offset=&#8221;vc_col-lg-6 vc_col-md-6&#8243;][\/vc_column][vc_column offset=&#8221;vc_col-lg-6 vc_col-md-6&#8243;][\/vc_column][\/vc_row]<\/p>\n","protected":false},"author":1,"featured_media":0,"parent":0,"menu_order":0,"comment_status":"closed","ping_status":"closed","template":"","meta":[],"_links":{"self":[{"href":"https:\/\/fazendapinhal.net.br\/home\/wp-json\/wp\/v2\/pages\/3815"}],"collection":[{"href":"https:\/\/fazendapinhal.net.br\/home\/wp-json\/wp\/v2\/pages"}],"about":[{"href":"https:\/\/fazendapinhal.net.br\/home\/wp-json\/wp\/v2\/types\/page"}],"author":[{"embeddable":true,"href":"https:\/\/fazendapinhal.net.br\/home\/wp-json\/wp\/v2\/users\/1"}],"replies":[{"embeddable":true,"href":"https:\/\/fazendapinhal.net.br\/home\/wp-json\/wp\/v2\/comments?post=3815"}],"version-history":[{"count":12,"href":"https:\/\/fazendapinhal.net.br\/home\/wp-json\/wp\/v2\/pages\/3815\/revisions"}],"predecessor-version":[{"id":4484,"href":"https:\/\/fazendapinhal.net.br\/home\/wp-json\/wp\/v2\/pages\/3815\/revisions\/4484"}],"wp:attachment":[{"href":"https:\/\/fazendapinhal.net.br\/home\/wp-json\/wp\/v2\/media?parent=3815"}],"curies":[{"name":"wp","href":"https:\/\/api.w.org\/{rel}","templated":true}]}}